
{"id":47,"date":"2018-10-02T15:27:38","date_gmt":"2018-10-02T15:27:38","guid":{"rendered":"http:\/\/www.sousaesantos.pt\/sousaesantos\/smart\/?page_id=47"},"modified":"2022-12-15T17:30:00","modified_gmt":"2022-12-15T17:30:00","slug":"contatos","status":"publish","type":"page","link":"https:\/\/www.sousaesantos.pt\/smart\/contatos\/","title":{"rendered":"Contatos"},"content":{"rendered":"<div class=\"row\">\n<div class=\"col-md-6 col-sm-6 col-xs-12\">\n<h3>Geral:<\/h3>\n<ul class=\"contacts\">\n<li>Telefone: +351 212 310 846<\/li>\n<li>Telefone: +351 212 313 378<\/li>\n<li>Fax:\u00a0+351 212 301 868<\/li>\n<p><small>(Chamada para rede fixa nacional)<\/small>\n<\/ul>\n<\/div>\n<div class=\"col-md-6 col-sm-6 col-xs-12\">\n<h3>Pe\u00e7as:<\/h3>\n<ul class=\"contacts\">\n<li>Telefone: +351 212 308 051<\/li>\n<li>Fax: +351 212 301 868<\/li>\n<p><small>(Chamada para rede fixa nacional)<\/small>\n<\/ul>\n<\/div>\n<\/div>\n<div class=\"row\">\n<div class=\"col-md-6 col-sm-6 col-xs-12\">\n<h3>Servi\u00e7os:<\/h3>\n<ul class=\"contacts\">\n<li>Telem\u00f3vel: +351 91 985 88 93<\/li>\n<p><small>(Chamada para rede m\u00f3vel nacional)<\/small><\/p>\n<li>Telefone: +351 212 310 846<\/li>\n<li>Telefone: +351 212 313 378<\/li>\n<li>Fax: +351 212 301 868<\/li>\n<p><small>(Chamada para rede fixa nacional)<\/small>\n<\/ul>\n<\/div>\n<div class=\"col-md-6 col-sm-6 col-xs-12\">\n<h3>Vendas:<\/h3>\n<ul class=\"contacts\">\n<li>Telefone: +351 212 313 378<\/li>\n<p><small>(Chamada para rede fixa nacional)<\/small><\/p>\n<li>Telem\u00f3vel: +351 968 037 270<\/li>\n<li>Telem\u00f3vel: +351 914 444 142<\/li>\n<p><small>(Chamada para rede m\u00f3vel nacional)<\/small>\n<\/ul>\n<\/div>\n<\/div>\n<div class=\"row\">\n<div class=\"col-md-6\">\n<h3>Mapa<\/h3>\n<p>&nbsp;<\/p>\n<p><iframe src=\"https:\/\/www.google.com\/maps?f=q&amp;source=s_q&amp;hl=pt-PT&amp;geocode=&amp;q=sousa+%26+Santos,+Lda+montijo,+Portugal&amp;sll=37.0625,-95.677068&amp;sspn=49.043149,135.263672&amp;ie=UTF8&amp;hq=sousa+%26+Santos,+Lda&amp;hnear=Montijo,+Set%C3%BAbal,+Portugal&amp;t=h&amp;ll=38.710067,-8.965683&amp;spn=0.001367,0.004128&amp;output=embed\" height=\"350px\" frameborder=\"0\" marginwidth=\"0\" marginheight=\"0\" scrolling=\"no\"><\/iframe><\/p>\n<\/div>\n<div class=\"col-md-6\">\n<h3>Morada<\/h3>\n<p>&nbsp;<\/p>\n<p>Bem situada e de f\u00e1cil acesso na circular principal do Montijo, a Sousa &amp; Santos, Lda conta com uma \u00e1rea total de 5.000 m\u00b2, para o servir, e para efectuar qualquer tipo de servi\u00e7o ao seu Mercedes-Benz.Morada<\/p>\n<p>Avenida de Oliven\u00e7a,<\/p>\n<p>2870 &#8211; 152 Montijo<br \/>\n<br \/>\n<a class=\"more\" href=\"https:\/\/www3.mercedes-benz.pt\/aftersales_smart\/dealer?c=6f5f3ad1-c6c8-49e8-8d9d-89977b717359\" target=\"_blank\" rel=\"noopener\">Envia-nos uma mensagem &gt;<\/a><\/p>\n<\/div>\n<\/div>\n","protected":false},"excerpt":{"rendered":"<p>Geral: Telefone: +351 212 310 846 Telefone: +351 212 313 378 Fax:\u00a0+351 212 301 868 (Chamada para rede fixa nacional) Pe\u00e7as: Telefone: +351 212 308 051 Fax: +351 212 301 868 (Chamada para rede fixa nacional) Servi\u00e7os: Telem\u00f3vel: +351 91 985 88 93 (Chamada para rede m\u00f3vel nacional) Telefone: +351 212 310 846 Telefone: +351&#8230;<\/p>\n","protected":false},"author":1,"featured_media":79,"parent":0,"menu_order":0,"comment_status":"closed","ping_status":"closed","template":"","meta":{"footnotes":""},"class_list":["post-47","page","type-page","status-publish","has-post-thumbnail","hentry"],"_links":{"self":[{"href":"https:\/\/www.sousaesantos.pt\/smart\/wp-json\/wp\/v2\/pages\/47","targetHints":{"allow":["GET"]}}],"collection":[{"href":"https:\/\/www.sousaesantos.pt\/smart\/wp-json\/wp\/v2\/pages"}],"about":[{"href":"https:\/\/www.sousaesantos.pt\/smart\/wp-json\/wp\/v2\/types\/page"}],"author":[{"embeddable":true,"href":"https:\/\/www.sousaesantos.pt\/smart\/wp-json\/wp\/v2\/users\/1"}],"replies":[{"embeddable":true,"href":"https:\/\/www.sousaesantos.pt\/smart\/wp-json\/wp\/v2\/comments?post=47"}],"version-history":[{"count":6,"href":"https:\/\/www.sousaesantos.pt\/smart\/wp-json\/wp\/v2\/pages\/47\/revisions"}],"predecessor-version":[{"id":152,"href":"https:\/\/www.sousaesantos.pt\/smart\/wp-json\/wp\/v2\/pages\/47\/revisions\/152"}],"wp:featuredmedia":[{"embeddable":true,"href":"https:\/\/www.sousaesantos.pt\/smart\/wp-json\/wp\/v2\/media\/79"}],"wp:attachment":[{"href":"https:\/\/www.sousaesantos.pt\/smart\/wp-json\/wp\/v2\/media?parent=47"}],"curies":[{"name":"wp","href":"https:\/\/api.w.org\/{rel}","templated":true}]}}