
{"id":38,"date":"2018-10-02T15:10:56","date_gmt":"2018-10-02T15:10:56","guid":{"rendered":"http:\/\/www.sousaesantos.pt\/sousaesantos\/smart\/?page_id=38"},"modified":"2022-01-07T15:16:44","modified_gmt":"2022-01-07T15:16:44","slug":"oficina-smart-montijo","status":"publish","type":"page","link":"https:\/\/www.sousaesantos.pt\/smart\/","title":{"rendered":"Oficina Smart Montijo"},"content":{"rendered":"<div class=\"row\">\n<h2>Sousa &amp; Santos, Lda<\/h2>\n<h3>A sua Oficina Smart no Montijo<\/h3>\n<div class=\"separator\"><\/div>\n<div class=\"row\">\n<div class=\"col-md-3\">\n<div class=\"shortcut\"><a href=\"https:\/\/www.sousaesantos.pt\/smart\/marcacao-servicos\/\"><i class=\"fa fa-wrench\"><\/i><\/p>\n<h3>Marca\u00e7\u00e3o de Servi\u00e7os <i class=\"fa fa-arrow-right\"><\/i><\/h3>\n<p><\/a><\/div>\n<\/div>\n<div class=\"col-md-3\">\n<div class=\"shortcut\"><a href=\"https:\/\/www.sousaesantos.pt\/smart\/contatos\/\"><i class=\"fa fa-phone\"><\/i><\/p>\n<h3>Liga-nos <i class=\"fa fa-arrow-right\"><\/i><\/h3>\n<p><\/a><\/div>\n<\/div>\n<div class=\"col-md-3\">\n<div class=\"shortcut\"><a href=\"https:\/\/www.sousaesantos.pt\/precos-de-revisao-mercedes\/\"><i class=\"fa fa-calculator\"><\/i><\/p>\n<h3>Pre\u00e7os manuten\u00e7\u00e3o<i class=\"fa fa-arrow-right\"><\/i><\/h3>\n<p><\/a><\/div>\n<\/div>\n<div class=\"col-md-3\">\n<div class=\"shortcut\"><a href=\"https:\/\/www.sousaesantos.pt\/smart\/usados-smart\/\"><i class=\"fa fa-car\"><\/i><\/p>\n<h3>Viaturas Usadas <i class=\"fa fa-arrow-right\"><\/i><\/h3>\n<p><\/a><\/div>\n<\/div>\n<\/div>\n<\/div>\n<div class=\"separator\"><\/div>\n<div class=\"col-md-6 col-sm-12\"><img loading=\"lazy\" decoding=\"async\" class=\"alignleft size-full wp-image-109\" src=\"https:\/\/www.sousaesantos.pt\/smart\/wp-content\/uploads\/1461043677058.jpg\" alt=\"\" width=\"580\" height=\"160\" \/><\/div>\n<div class=\"col-md-6 col-sm-12\">\n<h2><a href=\"https:\/\/www.sousaesantos.pt\/precos-de-revisao-mercedes\/\">Pre\u00e7os de Revis\u00e3o Smart<\/a><\/h2>\n<p>A Sousa &amp; Santos, Lda disponibiliza agora com transpar\u00eancia os pre\u00e7os praticados na Manuten\u00e7\u00e3o do teu Smart, atrav\u00e9s de um simples formul\u00e1rio.<br \/>\nSe pretendes saber o pre\u00e7o da manuten\u00e7\u00e3o ou revis\u00e3o do teu Smart, acede ao formul\u00e1rio no link em baixo.<\/p>\n<p><a class=\"more\" href=\"https:\/\/www.sousaesantos.pt\/smart\/precos-de-revisao-smart\/\"> &gt; saiba mais<\/a><\/p>\n<\/div>\n<div class=\"separator\"><\/div>\n<div class=\"row\">\n<div class=\"col-md-6 col-sm-12\">\n<h2><\/h2>\n<h2><a href=\"https:\/\/www.sousaesantos.pt\/smart\/oficina-smart\/\">Oficina Smart<\/a><\/h2>\n<p>Nas melhores m\u00e3os.<br \/>\nPor vezes s\u00e3o os detalhes que fazem com que um servi\u00e7o seja excelente, na Sousa &amp; Santos, Lda no Montijo, fazemos os poss\u00edveis\u00a0 para que a manuten\u00e7\u00e3o ou repara\u00e7\u00e3o do teu Smart seja r\u00e1pida e eficiente.<\/p>\n<p>&nbsp;<\/p>\n<p><a class=\"more\" href=\"https:\/\/www.sousaesantos.pt\/smart\/oficina-smart\/\"> &gt; saiba mais<\/a><\/p>\n<\/div>\n<div class=\"col-md-6 col-sm-12\"><img loading=\"lazy\" decoding=\"async\" class=\"alignleft size-medium wp-image-106\" src=\"https:\/\/www.sousaesantos.pt\/smart\/wp-content\/uploads\/1461069166098-1-600x348.jpg\" alt=\"\" width=\"600\" height=\"348\" srcset=\"https:\/\/www.sousaesantos.pt\/smart\/wp-content\/uploads\/1461069166098-1-600x348.jpg 600w, https:\/\/www.sousaesantos.pt\/smart\/wp-content\/uploads\/1461069166098-1-768x446.jpg 768w, https:\/\/www.sousaesantos.pt\/smart\/wp-content\/uploads\/1461069166098-1.jpg 1920w\" sizes=\"auto, (max-width: 600px) 100vw, 600px\" \/><\/div>\n<\/div>\n<div class=\"separator\"><\/div>\n<div class=\"row\">\n<div class=\"col-md-6 col-sm-12\"><img loading=\"lazy\" decoding=\"async\" class=\"alignleft wp-image-108 size-thumbnail\" src=\"https:\/\/www.sousaesantos.pt\/smart\/wp-content\/uploads\/1461043685833-400x400.jpg\" alt=\"\" width=\"400\" height=\"400\" \/><\/div>\n<div class=\"col-md-6 col-sm-12\">\n<h2><\/h2>\n<h2><a href=\"https:\/\/www.sousaesantos.pt\/smart\/pecas-smart\/\">Pe\u00e7as Originais Smart<\/a><\/h2>\n<p>Gra\u00e7as a especifica\u00e7\u00f5es de fabrico bem definidas e a controlos abrangentes, as pe\u00e7as genu\u00ednas Smart correspondem \u00e0 mais recente tecnologia dispon\u00edvel.\u00a0Principais vantagens:<\/p>\n<ul class=\"li-out\">\n<li>Qualidade excelente, seguran\u00e7a e fiabilidade comprovadas<\/li>\n<li>Desenvolvidas especialmente para o seu ve\u00edculo<\/li>\n<li>A melhor op\u00e7\u00e3o em termos de caracter\u00edsticas de condu\u00e7\u00e3o, conforto e preserva\u00e7\u00e3o do valor do seu ve\u00edculo<\/li>\n<li>Durabilidade e uma rela\u00e7\u00e3o pre\u00e7o-qualidade excecional<\/li>\n<\/ul>\n<p><a class=\"more\" href=\"https:\/\/www.sousaesantos.pt\/smart\/pecas-smart\/\"> &gt; saiba mais<\/a><\/p>\n<\/div>\n<\/div>\n<div class=\"separator\"><\/div>\n<div class=\"row\">\n<div class=\"col-md-6 col-sm-12\">\n<h2><a href=\"https:\/\/www.sousaesantos.pt\/smart\/contatos\/\">Contatos<\/a><\/h2>\n<h2>Geral:<\/h2>\n<ul class=\"contacts\">\n<li>Telefone: +351 212 310 846<\/li>\n<li>Telefone: +351 212 313 378<\/li>\n<li>Fax:\u00a0+351 212 301 868<\/li>\n<\/ul>\n<p><a class=\"more\" href=\"https:\/\/www.sousaesantos.pt\/smart\/contatos\/\"> &gt; saiba mais<\/a><\/p>\n<\/div>\n<div class=\"col-md-6 col-sm-12\">\n<div class=\"header-map\"><iframe loading=\"lazy\" src=\"https:\/\/www.google.com\/maps?f=q&amp;source=s_q&amp;hl=pt-PT&amp;geocode=&amp;q=sousa+%26+Santos,+Lda+montijo,+Portugal&amp;sll=37.0625,-95.677068&amp;sspn=49.043149,135.263672&amp;ie=UTF8&amp;hq=sousa+%26+Santos,+Lda&amp;hnear=Montijo,+Set%C3%BAbal,+Portugal&amp;t=h&amp;ll=38.710067,-8.965683&amp;spn=0.001367,0.004128&amp;output=embed\" width=\"100%\" height=\"350\" frameborder=\"0\" marginwidth=\"0\" marginheight=\"0\" scrolling=\"no\"><\/iframe><\/div>\n<\/div>\n<\/div>\n","protected":false},"excerpt":{"rendered":"<p>Sousa &amp; Santos, Lda A sua Oficina Smart no Montijo Marca\u00e7\u00e3o de Servi\u00e7os Liga-nos Pre\u00e7os manuten\u00e7\u00e3o Viaturas Usadas Pre\u00e7os de Revis\u00e3o Smart A Sousa &amp; Santos, Lda disponibiliza agora com transpar\u00eancia os pre\u00e7os praticados na Manuten\u00e7\u00e3o do teu Smart, atrav\u00e9s de um simples formul\u00e1rio. Se pretendes saber o pre\u00e7o da manuten\u00e7\u00e3o ou revis\u00e3o do teu&#8230;<\/p>\n","protected":false},"author":1,"featured_media":42,"parent":0,"menu_order":0,"comment_status":"closed","ping_status":"closed","template":"","meta":{"footnotes":""},"class_list":["post-38","page","type-page","status-publish","has-post-thumbnail","hentry"],"_links":{"self":[{"href":"https:\/\/www.sousaesantos.pt\/smart\/wp-json\/wp\/v2\/pages\/38","targetHints":{"allow":["GET"]}}],"collection":[{"href":"https:\/\/www.sousaesantos.pt\/smart\/wp-json\/wp\/v2\/pages"}],"about":[{"href":"https:\/\/www.sousaesantos.pt\/smart\/wp-json\/wp\/v2\/types\/page"}],"author":[{"embeddable":true,"href":"https:\/\/www.sousaesantos.pt\/smart\/wp-json\/wp\/v2\/users\/1"}],"replies":[{"embeddable":true,"href":"https:\/\/www.sousaesantos.pt\/smart\/wp-json\/wp\/v2\/comments?post=38"}],"version-history":[{"count":29,"href":"https:\/\/www.sousaesantos.pt\/smart\/wp-json\/wp\/v2\/pages\/38\/revisions"}],"predecessor-version":[{"id":140,"href":"https:\/\/www.sousaesantos.pt\/smart\/wp-json\/wp\/v2\/pages\/38\/revisions\/140"}],"wp:featuredmedia":[{"embeddable":true,"href":"https:\/\/www.sousaesantos.pt\/smart\/wp-json\/wp\/v2\/media\/42"}],"wp:attachment":[{"href":"https:\/\/www.sousaesantos.pt\/smart\/wp-json\/wp\/v2\/media?parent=38"}],"curies":[{"name":"wp","href":"https:\/\/api.w.org\/{rel}","templated":true}]}}