
{"id":27,"date":"2018-10-02T15:03:09","date_gmt":"2018-10-02T15:03:09","guid":{"rendered":"http:\/\/www.sousaesantos.pt\/sousaesantos\/smart\/?page_id=27"},"modified":"2018-10-04T09:48:40","modified_gmt":"2018-10-04T09:48:40","slug":"acessorios-smart","status":"publish","type":"page","link":"https:\/\/www.sousaesantos.pt\/smart\/acessorios-smart\/","title":{"rendered":"Acess\u00f3rios Smart"},"content":{"rendered":"<h2>T\u00e3o multifacetado como a cidade.<\/h2>\n<p>Os acess\u00f3rios originais da smart proporcionam uma condu\u00e7\u00e3o confort\u00e1vel e descontra\u00edda pela cidade. De ajudantes pr\u00e1ticos como a rede de bagagem ou o suporte para smartphone, passando por acess\u00f3rios de seguran\u00e7a como o colete de seguran\u00e7a e o conjunto de primeiros socorros, at\u00e9 \u00e0s perfeitas jantes em liga leve para o teu smart \u2013 aqui encontras tudo&#8230; at\u00e9 artigos de cole\u00e7\u00e3o para usares.<\/p>\n<p><a href=\"https:\/\/www.smart.com\/content\/dam\/smart\/PT\/PDF\/Catalogos-Brochuras\/aces.pdf\" target=\"_blank\" rel=\"noopener\"><u>Descarrega aqui o cat\u00e1logo completo<\/u><\/a><\/p>\n","protected":false},"excerpt":{"rendered":"<p>T\u00e3o multifacetado como a cidade. Os acess\u00f3rios originais da smart proporcionam uma condu\u00e7\u00e3o confort\u00e1vel e descontra\u00edda pela cidade. De ajudantes pr\u00e1ticos como a rede de bagagem ou o suporte para smartphone, passando por acess\u00f3rios de seguran\u00e7a como o colete de seguran\u00e7a e o conjunto de primeiros socorros, at\u00e9 \u00e0s perfeitas jantes em liga leve para&#8230;<\/p>\n","protected":false},"author":1,"featured_media":64,"parent":0,"menu_order":0,"comment_status":"closed","ping_status":"closed","template":"","meta":{"footnotes":""},"class_list":["post-27","page","type-page","status-publish","has-post-thumbnail","hentry"],"_links":{"self":[{"href":"https:\/\/www.sousaesantos.pt\/smart\/wp-json\/wp\/v2\/pages\/27","targetHints":{"allow":["GET"]}}],"collection":[{"href":"https:\/\/www.sousaesantos.pt\/smart\/wp-json\/wp\/v2\/pages"}],"about":[{"href":"https:\/\/www.sousaesantos.pt\/smart\/wp-json\/wp\/v2\/types\/page"}],"author":[{"embeddable":true,"href":"https:\/\/www.sousaesantos.pt\/smart\/wp-json\/wp\/v2\/users\/1"}],"replies":[{"embeddable":true,"href":"https:\/\/www.sousaesantos.pt\/smart\/wp-json\/wp\/v2\/comments?post=27"}],"version-history":[{"count":4,"href":"https:\/\/www.sousaesantos.pt\/smart\/wp-json\/wp\/v2\/pages\/27\/revisions"}],"predecessor-version":[{"id":74,"href":"https:\/\/www.sousaesantos.pt\/smart\/wp-json\/wp\/v2\/pages\/27\/revisions\/74"}],"wp:featuredmedia":[{"embeddable":true,"href":"https:\/\/www.sousaesantos.pt\/smart\/wp-json\/wp\/v2\/media\/64"}],"wp:attachment":[{"href":"https:\/\/www.sousaesantos.pt\/smart\/wp-json\/wp\/v2\/media?parent=27"}],"curies":[{"name":"wp","href":"https:\/\/api.w.org\/{rel}","templated":true}]}}