
{"id":20,"date":"2018-10-02T15:02:15","date_gmt":"2018-10-02T15:02:15","guid":{"rendered":"http:\/\/www.sousaesantos.pt\/sousaesantos\/smart\/?page_id=20"},"modified":"2022-12-15T17:30:10","modified_gmt":"2022-12-15T17:30:10","slug":"marcacao-servicos","status":"publish","type":"page","link":"https:\/\/www.sousaesantos.pt\/smart\/marcacao-servicos\/","title":{"rendered":"Marca\u00e7\u00e3o Servi\u00e7os"},"content":{"rendered":"<div class=\"row\">\n<div class=\"col-md-6 col-sm-6 col-xs-12\">\n<h3>Marca\u00e7\u00e3o por E-mail:<\/h3>\n<p>\n<a class=\"more\" href=\"https:\/\/www3.mercedes-benz.pt\/aftersales_smart\/dealer?c=6f5f3ad1-c6c8-49e8-8d9d-89977b717359\" target=\"_blank\" rel=\"noopener\">Clica aqui para agendar o teu servi\u00e7o &gt;<\/a><\/p>\n<\/div>\n<div class=\"col-md-6 col-sm-6 col-xs-12\">\n<h3>Marca\u00e7\u00e3o por Telefone:<\/h3>\n<p>&nbsp;<\/p>\n<h4>Servi\u00e7os ap\u00f3s Venda<\/h4>\n<p>&nbsp;<\/p>\n<ul class=\"contacts\">\n<li>Telefone: +351 212 310 846<\/li>\n<li>Telefone: +351 212 313 378<\/li>\n<p><small>(Chamada para rede fixa nacional)<\/small>\n<\/ul>\n<\/div>\n<\/div>\n","protected":false},"excerpt":{"rendered":"<p>Marca\u00e7\u00e3o por E-mail: Clica aqui para agendar o teu servi\u00e7o &gt; Marca\u00e7\u00e3o por Telefone: &nbsp; Servi\u00e7os ap\u00f3s Venda &nbsp; Telefone: +351 212 310 846 Telefone: +351 212 313 378 (Chamada para rede fixa nacional)<\/p>\n","protected":false},"author":1,"featured_media":82,"parent":0,"menu_order":0,"comment_status":"closed","ping_status":"closed","template":"","meta":{"footnotes":""},"class_list":["post-20","page","type-page","status-publish","has-post-thumbnail","hentry"],"_links":{"self":[{"href":"https:\/\/www.sousaesantos.pt\/smart\/wp-json\/wp\/v2\/pages\/20","targetHints":{"allow":["GET"]}}],"collection":[{"href":"https:\/\/www.sousaesantos.pt\/smart\/wp-json\/wp\/v2\/pages"}],"about":[{"href":"https:\/\/www.sousaesantos.pt\/smart\/wp-json\/wp\/v2\/types\/page"}],"author":[{"embeddable":true,"href":"https:\/\/www.sousaesantos.pt\/smart\/wp-json\/wp\/v2\/users\/1"}],"replies":[{"embeddable":true,"href":"https:\/\/www.sousaesantos.pt\/smart\/wp-json\/wp\/v2\/comments?post=20"}],"version-history":[{"count":12,"href":"https:\/\/www.sousaesantos.pt\/smart\/wp-json\/wp\/v2\/pages\/20\/revisions"}],"predecessor-version":[{"id":153,"href":"https:\/\/www.sousaesantos.pt\/smart\/wp-json\/wp\/v2\/pages\/20\/revisions\/153"}],"wp:featuredmedia":[{"embeddable":true,"href":"https:\/\/www.sousaesantos.pt\/smart\/wp-json\/wp\/v2\/media\/82"}],"wp:attachment":[{"href":"https:\/\/www.sousaesantos.pt\/smart\/wp-json\/wp\/v2\/media?parent=20"}],"curies":[{"name":"wp","href":"https:\/\/api.w.org\/{rel}","templated":true}]}}