
{"id":18,"date":"2018-10-02T15:02:04","date_gmt":"2018-10-02T15:02:04","guid":{"rendered":"http:\/\/www.sousaesantos.pt\/sousaesantos\/smart\/?page_id=18"},"modified":"2022-03-31T08:11:50","modified_gmt":"2022-03-31T08:11:50","slug":"oficina-smart","status":"publish","type":"page","link":"https:\/\/www.sousaesantos.pt\/smart\/oficina-smart\/","title":{"rendered":"Oficina Smart"},"content":{"rendered":"<p>Depois da compra do teu Smart, \u00e9 nossa responsabilidade assegurar uma assist\u00eancia de servi\u00e7o ap\u00f3s-venda de acordo com a qualidade e exig\u00eancia dos nossos produtos.<\/p>\n<p>Com este objectivo, a Sousa &amp; Santos tem uma equipa de profissionais de ap\u00f3s-venda formados conforme os exigentes padr\u00f5es da marca e com a mais avan\u00e7ada tecnologia para o servi\u00e7o.<\/p>\n<p>Se desejas efectuar um servi\u00e7o na nossa Oficina, podes marcar de forma r\u00e1pida e c\u00f3moda clicando <a href=\"https:\/\/www.sousaesantos.pt\/smart\/marcacao-servicos\/\">aqui<\/a>.<\/p>\n<p>Disponibilizamos os seguintes Servi\u00e7os para o teu Smart:<\/p>\n<div class=\"col-md-6\">\n<p>&#8211; Servi\u00e7os de Manuten\u00e7\u00e3o<\/p>\n<p>&#8211; Repara\u00e7\u00f5es Mec\u00e2nicas<\/p>\n<p>&#8211; Repara\u00e7\u00e3o de Sinistros<\/p>\n<p>&#8211; Pintura<\/p>\n<p>&#8211; Repara\u00e7\u00f5es de Carro\u00e7arias<\/p>\n<p>&#8211; Polimentos Gerais<\/p>\n<p>&#8211; Prepara\u00e7\u00e3o para a Inspec\u00e7\u00e3o Peri\u00f3dica Obrigat\u00f3ria<\/p>\n<p>&#8211; Alinhamento de Direc\u00e7\u00e3o<\/p>\n<p>&#8211; Mudan\u00e7a de Pneus<\/p>\n<p>&#8211; Pe\u00e7as de Origem<\/p>\n<\/div>\n<div class=\"col-md-6\">\n<p>&#8211; Calibra\u00e7\u00e3o de Rodas<\/p>\n<p>&#8211; Teste de Suspens\u00e3o<\/p>\n<p>&#8211; Teste de Trav\u00f5es<\/p>\n<p>&#8211; Diagn\u00f3sticos<\/p>\n<p>&#8211; Focagem de Far\u00f3is<\/p>\n<p>&#8211; Testes de Baterias<\/p>\n<p>&#8211; Carregamento e Testes de Ar Condicionado<\/p>\n<p>&#8211; Lavagens<\/p>\n<p>&#8211; Servi\u00e7o de Recolha e Entrega de viaturas no local que nos indicar<\/p>\n<\/div>\n","protected":false},"excerpt":{"rendered":"<p>Depois da compra do teu Smart, \u00e9 nossa responsabilidade assegurar uma assist\u00eancia de servi\u00e7o ap\u00f3s-venda de acordo com a qualidade e exig\u00eancia dos nossos produtos. Com este objectivo, a Sousa &amp; Santos tem uma equipa de profissionais de ap\u00f3s-venda formados conforme os exigentes padr\u00f5es da marca e com a mais avan\u00e7ada tecnologia para o servi\u00e7o&#8230;.<\/p>\n","protected":false},"author":1,"featured_media":41,"parent":0,"menu_order":0,"comment_status":"closed","ping_status":"closed","template":"","meta":{"footnotes":""},"class_list":["post-18","page","type-page","status-publish","has-post-thumbnail","hentry"],"_links":{"self":[{"href":"https:\/\/www.sousaesantos.pt\/smart\/wp-json\/wp\/v2\/pages\/18","targetHints":{"allow":["GET"]}}],"collection":[{"href":"https:\/\/www.sousaesantos.pt\/smart\/wp-json\/wp\/v2\/pages"}],"about":[{"href":"https:\/\/www.sousaesantos.pt\/smart\/wp-json\/wp\/v2\/types\/page"}],"author":[{"embeddable":true,"href":"https:\/\/www.sousaesantos.pt\/smart\/wp-json\/wp\/v2\/users\/1"}],"replies":[{"embeddable":true,"href":"https:\/\/www.sousaesantos.pt\/smart\/wp-json\/wp\/v2\/comments?post=18"}],"version-history":[{"count":5,"href":"https:\/\/www.sousaesantos.pt\/smart\/wp-json\/wp\/v2\/pages\/18\/revisions"}],"predecessor-version":[{"id":142,"href":"https:\/\/www.sousaesantos.pt\/smart\/wp-json\/wp\/v2\/pages\/18\/revisions\/142"}],"wp:featuredmedia":[{"embeddable":true,"href":"https:\/\/www.sousaesantos.pt\/smart\/wp-json\/wp\/v2\/media\/41"}],"wp:attachment":[{"href":"https:\/\/www.sousaesantos.pt\/smart\/wp-json\/wp\/v2\/media?parent=18"}],"curies":[{"name":"wp","href":"https:\/\/api.w.org\/{rel}","templated":true}]}}