
{"id":123,"date":"2022-01-06T19:17:11","date_gmt":"2022-01-06T19:17:11","guid":{"rendered":"https:\/\/www.sousaesantos.pt\/smart\/?page_id=123"},"modified":"2022-01-07T11:30:41","modified_gmt":"2022-01-07T11:30:41","slug":"precos-de-revisao-smart","status":"publish","type":"page","link":"https:\/\/www.sousaesantos.pt\/smart\/precos-de-revisao-smart\/","title":{"rendered":"Pre\u00e7os de revis\u00e3o Smart"},"content":{"rendered":"<h2>Saiba qual o Pre\u00e7o da Revis\u00e3o do seu Smart<\/h2>\n<p>A Sousa &amp; Santos, Lda disponibiliza agora com transpar\u00eancia os pre\u00e7os praticados na Manuten\u00e7\u00e3o do seu Smart ou Revis\u00e3o Smart, atrav\u00e9s de um simples formul\u00e1rio.<\/p>\n<p>Se pretenderes saber o pre\u00e7o da manuten\u00e7\u00e3o ou revis\u00e3o do teu Smart, <u><a href=\"https:\/\/www.sousaesantos.pt\/precos-de-revisao-mercedes\/\">clica aqui<\/a><\/u>.<\/p>\n<p>De modo a usufru\u00edres de todas as vantagens de ser Cliente Smart, <u><a href=\"https:\/\/clubesmart.pt\/\">regista-te aqui no Clube Smart<\/a><\/u><\/p>\n","protected":false},"excerpt":{"rendered":"<p>Saiba qual o Pre\u00e7o da Revis\u00e3o do seu Smart A Sousa &amp; Santos, Lda disponibiliza agora com transpar\u00eancia os pre\u00e7os praticados na Manuten\u00e7\u00e3o do seu Smart ou Revis\u00e3o Smart, atrav\u00e9s de um simples formul\u00e1rio. Se pretenderes saber o pre\u00e7o da manuten\u00e7\u00e3o ou revis\u00e3o do teu Smart, clica aqui. De modo a usufru\u00edres de todas as&#8230;<\/p>\n","protected":false},"author":1,"featured_media":106,"parent":0,"menu_order":0,"comment_status":"closed","ping_status":"closed","template":"","meta":{"footnotes":""},"class_list":["post-123","page","type-page","status-publish","has-post-thumbnail","hentry"],"_links":{"self":[{"href":"https:\/\/www.sousaesantos.pt\/smart\/wp-json\/wp\/v2\/pages\/123","targetHints":{"allow":["GET"]}}],"collection":[{"href":"https:\/\/www.sousaesantos.pt\/smart\/wp-json\/wp\/v2\/pages"}],"about":[{"href":"https:\/\/www.sousaesantos.pt\/smart\/wp-json\/wp\/v2\/types\/page"}],"author":[{"embeddable":true,"href":"https:\/\/www.sousaesantos.pt\/smart\/wp-json\/wp\/v2\/users\/1"}],"replies":[{"embeddable":true,"href":"https:\/\/www.sousaesantos.pt\/smart\/wp-json\/wp\/v2\/comments?post=123"}],"version-history":[{"count":8,"href":"https:\/\/www.sousaesantos.pt\/smart\/wp-json\/wp\/v2\/pages\/123\/revisions"}],"predecessor-version":[{"id":135,"href":"https:\/\/www.sousaesantos.pt\/smart\/wp-json\/wp\/v2\/pages\/123\/revisions\/135"}],"wp:featuredmedia":[{"embeddable":true,"href":"https:\/\/www.sousaesantos.pt\/smart\/wp-json\/wp\/v2\/media\/106"}],"wp:attachment":[{"href":"https:\/\/www.sousaesantos.pt\/smart\/wp-json\/wp\/v2\/media?parent=123"}],"curies":[{"name":"wp","href":"https:\/\/api.w.org\/{rel}","templated":true}]}}